{"id":17011,"date":"2018-08-09T01:56:43","date_gmt":"2018-08-09T01:56:43","guid":{"rendered":"https:\/\/www.thelalawfirm.com\/que-es-la-ley-penal\/"},"modified":"2025-02-22T07:10:33","modified_gmt":"2025-02-22T07:10:33","slug":"que-es-la-ley-penal","status":"publish","type":"page","link":"https:\/\/thelalawfirm.com\/es\/abogados-de-accidentes\/que-es-la-ley-penal\/","title":{"rendered":"\u00bfQu\u00e9 es la Ley Penal?"},"content":{"rendered":"\n<p>En el estado de California, la Ley Penal de California es la base para la aplicaci\u00f3n del derecho penal. LaLey Penal fue escrita en 1872, y, desde esa fecha, ha sido modificada y revisada bastante &#8211; esa pr\u00e1ctica demodificaci\u00f3n sirve para actualizar la ley a los tiempos modernos. Por ejemplo, digamos que una persona cometi\u00f3 un delito como robarse un autom\u00f3vil. Los funcionarios y abogados para determinar que robo es un crimen usan la LeyPenal. Aqu\u00ed en este articulo le daremos un tur de la Ley Penal.    <\/p>\n\n<p>La Historia -En febrero de 1872, la Ley Penal original fue promulgada por la Legislatura del Estado de California. La Ley Penalde California se bas\u00f3 en la Ley de Penal de Nueva York. Antes de la promulgaci\u00f3n de Model Penal Code en 1962,la Ley Penal de Nueva York, llamada \u00abField Penal Code\u00bb, era el c\u00f3digo m\u00e1s grande y m\u00e1s importante en cerciorarse y codificar el derecho penal. Antes de la Ley Penal de California, el estado utilizaba las definiciones de ley com\u00fan ytambi\u00e9n casos de ley antigua que se extend\u00edan a los tiempos de Inglaterra precolonias.   <\/p>\n\n<h4 class=\"wp-block-heading\">La Organizaci\u00f3n de la Ley Penal<\/h4>\n\n<p>\u00bfC\u00f3mo se organiza la Ley Penal de California? Es algo complicado y La Ley Penal de California est\u00e1 dividida entre seis \u00abPartes\u00bb. La mayor\u00eda de esas Partes tienen \u00abT\u00edtulos\u00bb. Y algunos de esos T\u00edtulos tienen \u00abCap\u00edtulos\u00bb, que aun tienen \u00abCapitulos\u00bb.   <\/p>\n\n<h4 class=\"wp-block-heading\">Las Partes<\/h4>\n\n<p>Parte 1: Los dos (2) primeros t\u00edtulos de la Parte 1, hasta la secci\u00f3n 33, son preliminares y dan definiciones legales de t\u00e9rminos legos, y, a prop\u00f3sito, no dan definiciones de cr\u00edmenes espec\u00edficos. El grupo pr\u00f3ximo de t\u00edtulos, mediante a Secci\u00f3n 88, hablan de cr\u00edmenes en contra del estado de California &#8211; como por ejemplo, traici\u00f3n al estado. <\/p>\n\n<p>El T\u00edtulo 7, terminando con la secci\u00f3n 186, cubre los cr\u00edmenes que son en contra del proceso legislativo del estado &#8211; como por ejemplo perjurio.<\/p>\n\n<p>El T\u00edtulo 8 cubre los cr\u00edmenes violentos. El T\u00edtulo 8 est\u00e1 escrito mediante la Secci\u00f3n 249. <\/p>\n\n<p>El T\u00edtulo 9, que abarca las Secciones 250 a 368, trata de cr\u00edmenes contra la moral y la decencia del p\u00fablico.<\/p>\n\n<p>El T\u00edtulo 10 (Secciones 369-402) se dedica a explicar \u00abcr\u00edmenes en contra de la salud del p\u00fablico\u00bb, y el T\u00edtulo 11, que empieza en la Secci\u00f3n 403 y acaba en la Secci\u00f3n 423, est\u00e1 escrito para ilustrar \u00abcr\u00edmenes en contra del orden p\u00fablico\u00bb.<\/p>\n\n<p>Escrito en T\u00edtulo 12 (Secciones 424-440) son las deficiones de t\u00e9rminos legales que se tratan con crimines en contra de ingresos p\u00fablicos. T\u00edtulo 13 (Secciones 441-593), delitos cercanos a delitos de propiedad. <\/p>\n\n<p>El T\u00edtulo 14 (Secciones 594-625) se titula \u00abTravesura maliciosa\u00bb, es decir, una travesura maliciosa o vandalismo (Secci\u00f3n 594). Tambi\u00e9n incluye las ofensas como allanamiento. <\/p>\n\n<p>T\u00edtulo 15 (Secciones 441-593), de cr\u00edmenes miscel\u00e1neos.<\/p>\n\n<p>El T\u00edtulo 16 (Secciones 654-678) se titula \u00abDisposiciones Generales\u00bb, es decir, que se trata de disposiciones generales.<\/p>\n\n<p>El T\u00edtulo 17, el \u00faltimo T\u00edtulo de la Parte 1, (Secciones 679-680) habla de los derechos de los testigos de un crimen.<\/p>\n\n<p>La Parte 2 (681-1020) de la Ley Penal de California se trata del sistema de procedimiento penal del estado.<\/p>\n\n<p>La Parte 3 de la Ley Penal de California (Secciones 2000-10.007) codifica los sistemas del sistema correccional del estado.<\/p>\n\n<p>La Parte 4 de la Ley Penal de California (Secciones 11,006-14,315) explica los estatutos de c\u00f3mo gobernar las investigaciones de cr\u00edmenes, el entrenamiento de los oficiales de prisi\u00f3n.<\/p>\n\n<p>La Parte 5 de la Ley Penal de California (Secciones 15.001-15.003) consiste en s\u00f3lo dos secciones que autorizan al California Peace Officers Memorial Foundation a establecer y mantener el memorial de los oficiales y utilizar fondos privados.<\/p>\n\n<p>La Parte 6 de la Ley Penal de California (Secciones 16,000-34,370) se trata de armas.<\/p>\n\n<p>Para m\u00e1s informaci\u00f3n sobre sus derechos, llama hoy al Bufete LA.<\/p>\n\n<h3 class=\"wp-block-heading\"><a href=\"https:\/\/thelalawfirm.com\/es\/contactanos\/\">Habla con un abogado<\/a><\/h3>\n","protected":false},"excerpt":{"rendered":"<p>En el estado de California, la Ley Penal de California es la base para la aplicaci\u00f3n del derecho penal.<\/p>\n","protected":false},"author":2,"featured_media":0,"parent":17955,"menu_order":0,"comment_status":"closed","ping_status":"closed","template":"","meta":{"_acf_changed":false,"footnotes":""},"class_list":["post-17011","page","type-page","status-publish","hentry"],"acf":[],"yoast_head":"<!-- This site is optimized with the Yoast SEO plugin v27.2 - https:\/\/yoast.com\/product\/yoast-seo-wordpress\/ -->\n<title>\u00bfQu\u00e9 es la Ley Penal? - California&#039;s Best Accident Lawyers in Los Angeles<\/title>\n<meta name=\"robots\" content=\"index, follow, max-snippet:-1, max-image-preview:large, max-video-preview:-1\" \/>\n<link rel=\"canonical\" href=\"https:\/\/thelalawfirm.com\/es\/abogados-de-accidentes\/que-es-la-ley-penal\/\" \/>\n<meta property=\"og:locale\" content=\"es_ES\" \/>\n<meta property=\"og:type\" content=\"article\" \/>\n<meta property=\"og:title\" content=\"\u00bfQu\u00e9 es la Ley Penal? - California&#039;s Best Accident Lawyers in Los Angeles\" \/>\n<meta property=\"og:description\" content=\"En el estado de California, la Ley Penal de California es la base para la aplicaci\u00f3n del derecho penal.\" \/>\n<meta property=\"og:url\" content=\"https:\/\/thelalawfirm.com\/es\/abogados-de-accidentes\/que-es-la-ley-penal\/\" \/>\n<meta property=\"og:site_name\" content=\"California&#039;s Best Accident Lawyers in Los Angeles\" \/>\n<meta property=\"article:publisher\" content=\"http:\/\/facebook.com\/thel.a.lawfirm\" \/>\n<meta property=\"article:modified_time\" content=\"2025-02-22T07:10:33+00:00\" \/>\n<meta name=\"twitter:card\" content=\"summary_large_image\" \/>\n<meta name=\"twitter:label1\" content=\"Tiempo de lectura\" \/>\n\t<meta name=\"twitter:data1\" content=\"3 minutos\" \/>\n<script type=\"application\/ld+json\" class=\"yoast-schema-graph\">{\"@context\":\"https:\/\/schema.org\",\"@graph\":[{\"@type\":\"WebPage\",\"@id\":\"https:\/\/thelalawfirm.com\/es\/abogados-de-accidentes\/que-es-la-ley-penal\/\",\"url\":\"https:\/\/thelalawfirm.com\/es\/abogados-de-accidentes\/que-es-la-ley-penal\/\",\"name\":\"\u00bfQu\u00e9 es la Ley Penal? - California&#039;s Best Accident Lawyers in Los Angeles\",\"isPartOf\":{\"@id\":\"https:\/\/www.thelalawfirm.com\/#website\"},\"datePublished\":\"2018-08-09T01:56:43+00:00\",\"dateModified\":\"2025-02-22T07:10:33+00:00\",\"breadcrumb\":{\"@id\":\"https:\/\/thelalawfirm.com\/es\/abogados-de-accidentes\/que-es-la-ley-penal\/#breadcrumb\"},\"inLanguage\":\"es\",\"potentialAction\":[{\"@type\":\"ReadAction\",\"target\":[\"https:\/\/thelalawfirm.com\/es\/abogados-de-accidentes\/que-es-la-ley-penal\/\"]}]},{\"@type\":\"BreadcrumbList\",\"@id\":\"https:\/\/thelalawfirm.com\/es\/abogados-de-accidentes\/que-es-la-ley-penal\/#breadcrumb\",\"itemListElement\":[{\"@type\":\"ListItem\",\"position\":1,\"name\":\"Home\",\"item\":\"https:\/\/thelalawfirm.com\/es\/\"},{\"@type\":\"ListItem\",\"position\":2,\"name\":\"Abogados de Accidentes\",\"item\":\"https:\/\/thelalawfirm.com\/es\/abogados-de-accidentes\/\"},{\"@type\":\"ListItem\",\"position\":3,\"name\":\"\u00bfQu\u00e9 es la Ley Penal?\"}]},{\"@type\":\"WebSite\",\"@id\":\"https:\/\/www.thelalawfirm.com\/#website\",\"url\":\"https:\/\/www.thelalawfirm.com\/\",\"name\":\"California&#039;s Best Accident Lawyers in Los Angeles\",\"description\":\"Best Accident Injury Lawyers, Los Angeles California\",\"publisher\":{\"@id\":\"https:\/\/www.thelalawfirm.com\/#organization\"},\"potentialAction\":[{\"@type\":\"SearchAction\",\"target\":{\"@type\":\"EntryPoint\",\"urlTemplate\":\"https:\/\/www.thelalawfirm.com\/?s={search_term_string}\"},\"query-input\":{\"@type\":\"PropertyValueSpecification\",\"valueRequired\":true,\"valueName\":\"search_term_string\"}}],\"inLanguage\":\"es\"},{\"@type\":\"Organization\",\"@id\":\"https:\/\/www.thelalawfirm.com\/#organization\",\"name\":\"The LA Law Firm\",\"url\":\"https:\/\/www.thelalawfirm.com\/\",\"logo\":{\"@type\":\"ImageObject\",\"inLanguage\":\"es\",\"@id\":\"https:\/\/www.thelalawfirm.com\/#\/schema\/logo\/image\/\",\"url\":\"https:\/\/thelalawfirm.com\/wp-content\/uploads\/2023\/12\/New-Project.png\",\"contentUrl\":\"https:\/\/thelalawfirm.com\/wp-content\/uploads\/2023\/12\/New-Project.png\",\"width\":512,\"height\":512,\"caption\":\"The LA Law Firm\"},\"image\":{\"@id\":\"https:\/\/www.thelalawfirm.com\/#\/schema\/logo\/image\/\"},\"sameAs\":[\"http:\/\/facebook.com\/thel.a.lawfirm\"]}]}<\/script>\n<!-- \/ Yoast SEO plugin. -->","yoast_head_json":{"title":"\u00bfQu\u00e9 es la Ley Penal? - California&#039;s Best Accident Lawyers in Los Angeles","robots":{"index":"index","follow":"follow","max-snippet":"max-snippet:-1","max-image-preview":"max-image-preview:large","max-video-preview":"max-video-preview:-1"},"canonical":"https:\/\/thelalawfirm.com\/es\/abogados-de-accidentes\/que-es-la-ley-penal\/","og_locale":"es_ES","og_type":"article","og_title":"\u00bfQu\u00e9 es la Ley Penal? - California&#039;s Best Accident Lawyers in Los Angeles","og_description":"En el estado de California, la Ley Penal de California es la base para la aplicaci\u00f3n del derecho penal.","og_url":"https:\/\/thelalawfirm.com\/es\/abogados-de-accidentes\/que-es-la-ley-penal\/","og_site_name":"California&#039;s Best Accident Lawyers in Los Angeles","article_publisher":"http:\/\/facebook.com\/thel.a.lawfirm","article_modified_time":"2025-02-22T07:10:33+00:00","twitter_card":"summary_large_image","twitter_misc":{"Tiempo de lectura":"3 minutos"},"schema":{"@context":"https:\/\/schema.org","@graph":[{"@type":"WebPage","@id":"https:\/\/thelalawfirm.com\/es\/abogados-de-accidentes\/que-es-la-ley-penal\/","url":"https:\/\/thelalawfirm.com\/es\/abogados-de-accidentes\/que-es-la-ley-penal\/","name":"\u00bfQu\u00e9 es la Ley Penal? - California&#039;s Best Accident Lawyers in Los Angeles","isPartOf":{"@id":"https:\/\/www.thelalawfirm.com\/#website"},"datePublished":"2018-08-09T01:56:43+00:00","dateModified":"2025-02-22T07:10:33+00:00","breadcrumb":{"@id":"https:\/\/thelalawfirm.com\/es\/abogados-de-accidentes\/que-es-la-ley-penal\/#breadcrumb"},"inLanguage":"es","potentialAction":[{"@type":"ReadAction","target":["https:\/\/thelalawfirm.com\/es\/abogados-de-accidentes\/que-es-la-ley-penal\/"]}]},{"@type":"BreadcrumbList","@id":"https:\/\/thelalawfirm.com\/es\/abogados-de-accidentes\/que-es-la-ley-penal\/#breadcrumb","itemListElement":[{"@type":"ListItem","position":1,"name":"Home","item":"https:\/\/thelalawfirm.com\/es\/"},{"@type":"ListItem","position":2,"name":"Abogados de Accidentes","item":"https:\/\/thelalawfirm.com\/es\/abogados-de-accidentes\/"},{"@type":"ListItem","position":3,"name":"\u00bfQu\u00e9 es la Ley Penal?"}]},{"@type":"WebSite","@id":"https:\/\/www.thelalawfirm.com\/#website","url":"https:\/\/www.thelalawfirm.com\/","name":"California&#039;s Best Accident Lawyers in Los Angeles","description":"Best Accident Injury Lawyers, Los Angeles California","publisher":{"@id":"https:\/\/www.thelalawfirm.com\/#organization"},"potentialAction":[{"@type":"SearchAction","target":{"@type":"EntryPoint","urlTemplate":"https:\/\/www.thelalawfirm.com\/?s={search_term_string}"},"query-input":{"@type":"PropertyValueSpecification","valueRequired":true,"valueName":"search_term_string"}}],"inLanguage":"es"},{"@type":"Organization","@id":"https:\/\/www.thelalawfirm.com\/#organization","name":"The LA Law Firm","url":"https:\/\/www.thelalawfirm.com\/","logo":{"@type":"ImageObject","inLanguage":"es","@id":"https:\/\/www.thelalawfirm.com\/#\/schema\/logo\/image\/","url":"https:\/\/thelalawfirm.com\/wp-content\/uploads\/2023\/12\/New-Project.png","contentUrl":"https:\/\/thelalawfirm.com\/wp-content\/uploads\/2023\/12\/New-Project.png","width":512,"height":512,"caption":"The LA Law Firm"},"image":{"@id":"https:\/\/www.thelalawfirm.com\/#\/schema\/logo\/image\/"},"sameAs":["http:\/\/facebook.com\/thel.a.lawfirm"]}]}},"amp_enabled":true,"_links":{"self":[{"href":"https:\/\/thelalawfirm.com\/es\/wp-json\/wp\/v2\/pages\/17011","targetHints":{"allow":["GET"]}}],"collection":[{"href":"https:\/\/thelalawfirm.com\/es\/wp-json\/wp\/v2\/pages"}],"about":[{"href":"https:\/\/thelalawfirm.com\/es\/wp-json\/wp\/v2\/types\/page"}],"author":[{"embeddable":true,"href":"https:\/\/thelalawfirm.com\/es\/wp-json\/wp\/v2\/users\/2"}],"replies":[{"embeddable":true,"href":"https:\/\/thelalawfirm.com\/es\/wp-json\/wp\/v2\/comments?post=17011"}],"version-history":[{"count":1,"href":"https:\/\/thelalawfirm.com\/es\/wp-json\/wp\/v2\/pages\/17011\/revisions"}],"predecessor-version":[{"id":17023,"href":"https:\/\/thelalawfirm.com\/es\/wp-json\/wp\/v2\/pages\/17011\/revisions\/17023"}],"up":[{"embeddable":true,"href":"https:\/\/thelalawfirm.com\/es\/wp-json\/wp\/v2\/pages\/17955"}],"wp:attachment":[{"href":"https:\/\/thelalawfirm.com\/es\/wp-json\/wp\/v2\/media?parent=17011"}],"curies":[{"name":"wp","href":"https:\/\/api.w.org\/{rel}","templated":true}]}}