{"id":17031,"date":"2019-01-15T04:37:57","date_gmt":"2019-01-15T12:37:57","guid":{"rendered":"https:\/\/www.thelalawfirm.com\/abogados-que-luchan-por-ti\/"},"modified":"2026-05-08T02:43:10","modified_gmt":"2026-05-08T09:43:10","slug":"abogados-que-luchan-por-ti","status":"publish","type":"page","link":"https:\/\/thelalawfirm.com\/es\/abogados-que-luchan-por-ti\/","title":{"rendered":"Abogados que luchan por ti"},"content":{"rendered":"<h6>Hemos ganado $$$ MILLONES de d\u00f3lares para nuestros clientes y podemos hacer lo mismo por ti.<\/h6>\n<h1>ELEGIR EL ABOGADO ADECUADO PARA TI<\/h1>\n<p>Somos un grupo de abogados locales, apasionados y altamente cualificados que poseemos la experiencia necesaria para luchar por tus derechos y conseguirte la mayor indemnizaci\u00f3n. Las compa\u00f1\u00edas de seguros tienen a su equipo de abogados luchando por ellas, as\u00ed que t\u00fa debes contar con abogados expertos que luchen por conseguirte todo lo que te mereces despu\u00e9s de que se haya producido una lesi\u00f3n o accidente grave. <\/p>\n<p><iframe loading=\"lazy\" src=\"https:\/\/www.youtube.com\/embed\/DdEjwMHb9iY\" width=\"560\" height=\"315\" frameborder=\"0\" allowfullscreen=\"allowfullscreen\"><\/iframe><\/p>\n<p>El bufete LA Law Firm representa a v\u00edctimas lesionadas de accidentes <a href=\"https:\/\/thelalawfirm.com\/es\/lesiones\/abogado-de-accidentes-de-trafico\/\">de tr\u00e1fico<\/a>, <a href=\"https:\/\/thelalawfirm.com\/en\/injuries\/lyft-uber-accident-lawyer-los-angeles\/\">colisiones con Uber o Lyft<\/a>, <a href=\"https:\/\/thelalawfirm.com\/es\/lesiones\/abogado-de-accidentes-de-camiones\/\">accidentes de cami\u00f3n<\/a> y otros accidentes causados por la negligencia de otra u otras partes. Nuestros experimentados abogados saben exactamente lo que hace falta para ayudar a las familias que han <a href=\"https:\/\/thelalawfirm.com\/es\/lesiones\/abogado-de-lesiones-graves\/\">sufrido lesiones graves<\/a> o la <a href=\"https:\/\/thelalawfirm.com\/es\/lesiones\/abogado-de-muerte-por-negligencia\/\">p\u00e9rdida de un familiar<\/a> debido a la desgracia que puede acarrear un accidente. <\/p>\n<p>Si t\u00fa o un ser querido necesit\u00e1is ayuda de un <a href=\"https:\/\/thelalawfirm.com\/es\/lesiones\/abogado-de-lesiones-personales\/\">abogado de lesiones personales en Los \u00c1ngeles<\/a>, las zonas circundantes y cualquier lugar de California, llama hoy mismo.<\/p>\n<p>Las soluciones y la tranquilidad est\u00e1n a s\u00f3lo unos instantes.<\/p>\n<h4 style=\"text-align: center;\">VOLVER A ESTAR COMPLETO<\/h4>\n<div>\n<p><em>NUESTRA MISI\u00d3N ES AYUDAR A NUESTROS CLIENTES A RECUPERARSE<\/em><br \/>\n<em>PONEMOS A SU DISPOSICI\u00d3N UNA GRAN VARIEDAD DE TALLERES DE CARROCER\u00cdA, M\u00c9DICOS Y ESPECIALISTAS<\/em><\/p>\n<p>Tus bienes personales importan y son una prioridad para nuestro bufete. Te ayudaremos a reparar o sustituir tu autom\u00f3vil <a href=\"https:\/\/thelalawfirm.com\/en\/blog\/steps-to-follow-after-a-car-accident\/\">tras un accidente de tr\u00e1fico<\/a> para que puedas volver a la carretera. <\/p>\n<p>Nos esforzamos por poner a tu disposici\u00f3n una red de m\u00e9dicos y especialistas dispuestos a ayudarte a aliviar tus lesiones y a curarte adecuadamente si te has lesionado o herido durante un accidente.<\/p>\n<p>Tenemos en cuenta todos los aspectos de tus lesiones, mant\u00e9n la tranquilidad porque lucharemos por conseguir la mejor indemnizaci\u00f3n posible.<\/p>\n<p><a href=\"https:\/\/thelalawfirm.com\/es\/contacto\/\">Habla hoy mismo con un abogado.<\/a><\/p>\n<p>Visto en:<\/p>\n<p><img loading=\"lazy\" decoding=\"async\" class=\" wp-image-1200 aligncenter\" src=\"https:\/\/thelalawfirm.com\/wp-content\/uploads\/2019\/05\/Untitled-2.avif\" alt=\"Attorneys Fighting For You\" width=\"687\" height=\"103\" srcset=\"https:\/\/thelalawfirm.com\/wp-content\/uploads\/2019\/05\/Untitled-2.avif 780w, https:\/\/thelalawfirm.com\/wp-content\/uploads\/2019\/05\/Untitled-2-300x45.avif 300w, https:\/\/thelalawfirm.com\/wp-content\/uploads\/2019\/05\/Untitled-2-768x115.avif 768w\" sizes=\"auto, (max-width: 687px) 100vw, 687px\" \/><\/p>\n<\/div>\n","protected":false},"excerpt":{"rendered":"<p>Hemos ganado $$$ MILLONES de d\u00f3lares para nuestros clientes y podemos hacer lo mismo por ti. ELEGIR EL ABOGADO ADECUADO PARA TI Somos un grupo de abogados locales, apasionados y altamente cualificados que poseemos la experiencia necesaria para luchar por tus derechos y conseguirte la mayor indemnizaci\u00f3n. Las compa\u00f1\u00edas de seguros tienen a su equipo [&hellip;]<\/p>\n","protected":false},"author":2,"featured_media":16351,"parent":0,"menu_order":0,"comment_status":"closed","ping_status":"closed","template":"","meta":{"_acf_changed":false,"footnotes":""},"class_list":["post-17031","page","type-page","status-publish","has-post-thumbnail","hentry"],"acf":[],"_links":{"self":[{"href":"https:\/\/thelalawfirm.com\/es\/wp-json\/wp\/v2\/pages\/17031","targetHints":{"allow":["GET"]}}],"collection":[{"href":"https:\/\/thelalawfirm.com\/es\/wp-json\/wp\/v2\/pages"}],"about":[{"href":"https:\/\/thelalawfirm.com\/es\/wp-json\/wp\/v2\/types\/page"}],"author":[{"embeddable":true,"href":"https:\/\/thelalawfirm.com\/es\/wp-json\/wp\/v2\/users\/2"}],"replies":[{"embeddable":true,"href":"https:\/\/thelalawfirm.com\/es\/wp-json\/wp\/v2\/comments?post=17031"}],"version-history":[{"count":2,"href":"https:\/\/thelalawfirm.com\/es\/wp-json\/wp\/v2\/pages\/17031\/revisions"}],"predecessor-version":[{"id":23929,"href":"https:\/\/thelalawfirm.com\/es\/wp-json\/wp\/v2\/pages\/17031\/revisions\/23929"}],"wp:featuredmedia":[{"embeddable":true,"href":"https:\/\/thelalawfirm.com\/es\/wp-json\/wp\/v2\/media\/16351"}],"wp:attachment":[{"href":"https:\/\/thelalawfirm.com\/es\/wp-json\/wp\/v2\/media?parent=17031"}],"curies":[{"name":"wp","href":"https:\/\/api.w.org\/{rel}","templated":true}]}}