{"id":17073,"date":"2025-01-09T07:26:51","date_gmt":"2025-01-09T07:26:51","guid":{"rendered":"https:\/\/www.thelalawfirm.com\/blog\/"},"modified":"2025-02-20T10:32:59","modified_gmt":"2025-02-20T10:32:59","slug":"blog","status":"publish","type":"page","link":"https:\/\/thelalawfirm.com\/es\/blog\/","title":{"rendered":"Blog"},"content":{"rendered":"\t\t<div data-elementor-type=\"wp-page\" data-elementor-id=\"17073\" class=\"elementor elementor-17073 elementor-10486\" data-elementor-post-type=\"page\">\n\t\t\t\t<div class=\"elementor-element elementor-element-7f535ee e-con-full e-flex e-con e-parent\" data-id=\"7f535ee\" data-element_type=\"container\" data-settings=\"{&quot;background_background&quot;:&quot;classic&quot;}\">\n\t\t\t\t<div class=\"elementor-element elementor-element-83549b8 elementor-widget elementor-widget-spacer\" data-id=\"83549b8\" data-element_type=\"widget\" data-widget_type=\"spacer.default\">\n\t\t\t\t\t\t\t<div class=\"elementor-spacer\">\n\t\t\t<div class=\"elementor-spacer-inner\"><\/div>\n\t\t<\/div>\n\t\t\t\t\t\t<\/div>\n\t\t<div class=\"elementor-element elementor-element-3af8ab8 e-flex e-con-boxed e-con e-child\" data-id=\"3af8ab8\" data-element_type=\"container\">\n\t\t\t\t\t<div class=\"e-con-inner\">\n\t\t\t\t<div class=\"elementor-element elementor-element-b186bc1 elementor-widget elementor-widget-heading\" data-id=\"b186bc1\" data-element_type=\"widget\" data-widget_type=\"heading.default\">\n\t\t\t\t\t<h1 class=\"elementor-heading-title elementor-size-default\">Blogs<\/h1>\t\t\t\t<\/div>\n\t\t\t\t\t<\/div>\n\t\t\t\t<\/div>\n\t\t\t\t<div class=\"elementor-element elementor-element-90c0863 elementor-widget elementor-widget-spacer\" data-id=\"90c0863\" data-element_type=\"widget\" data-widget_type=\"spacer.default\">\n\t\t\t\t\t\t\t<div class=\"elementor-spacer\">\n\t\t\t<div class=\"elementor-spacer-inner\"><\/div>\n\t\t<\/div>\n\t\t\t\t\t\t<\/div>\n\t\t\t\t<\/div>\n\t\t<div class=\"elementor-element elementor-element-6c29d69 e-flex e-con-boxed e-con e-parent\" data-id=\"6c29d69\" data-element_type=\"container\">\n\t\t\t\t\t<div class=\"e-con-inner\">\n\t\t\t\t<div class=\"elementor-element elementor-element-0c9f9fa elementor-posts--align-left elementor-posts__hover-none e-transform elementor-grid-3 elementor-grid-tablet-2 elementor-grid-mobile-1 elementor-posts--thumbnail-top elementor-card-shadow-yes elementor-widget elementor-widget-posts\" data-id=\"0c9f9fa\" data-element_type=\"widget\" data-settings=\"{&quot;cards_row_gap&quot;:{&quot;unit&quot;:&quot;px&quot;,&quot;size&quot;:50,&quot;sizes&quot;:[]},&quot;cards_columns&quot;:&quot;3&quot;,&quot;cards_columns_tablet&quot;:&quot;2&quot;,&quot;cards_columns_mobile&quot;:&quot;1&quot;,&quot;cards_row_gap_tablet&quot;:{&quot;unit&quot;:&quot;px&quot;,&quot;size&quot;:&quot;&quot;,&quot;sizes&quot;:[]},&quot;cards_row_gap_mobile&quot;:{&quot;unit&quot;:&quot;px&quot;,&quot;size&quot;:&quot;&quot;,&quot;sizes&quot;:[]},&quot;_transform_translateX_effect_hover&quot;:{&quot;unit&quot;:&quot;px&quot;,&quot;size&quot;:&quot;&quot;,&quot;sizes&quot;:[]},&quot;_transform_translateX_effect_hover_tablet&quot;:{&quot;unit&quot;:&quot;px&quot;,&quot;size&quot;:&quot;&quot;,&quot;sizes&quot;:[]},&quot;_transform_translateX_effect_hover_mobile&quot;:{&quot;unit&quot;:&quot;px&quot;,&quot;size&quot;:&quot;&quot;,&quot;sizes&quot;:[]},&quot;_transform_translateY_effect_hover&quot;:{&quot;unit&quot;:&quot;px&quot;,&quot;size&quot;:&quot;&quot;,&quot;sizes&quot;:[]},&quot;_transform_translateY_effect_hover_tablet&quot;:{&quot;unit&quot;:&quot;px&quot;,&quot;size&quot;:&quot;&quot;,&quot;sizes&quot;:[]},&quot;_transform_translateY_effect_hover_mobile&quot;:{&quot;unit&quot;:&quot;px&quot;,&quot;size&quot;:&quot;&quot;,&quot;sizes&quot;:[]}}\" data-widget_type=\"posts.cards\">\n\t\t\t\t<div class=\"elementor-widget-container\">\n\t\t\t\t\t\t\t<div class=\"elementor-posts-container elementor-posts elementor-posts--skin-cards elementor-grid\">\n\t\t\t\t<article class=\"elementor-post elementor-grid-item post-17148 post type-post status-publish format-standard has-post-thumbnail hentry category-sin-categoria\">\n\t\t\t<div class=\"elementor-post__card\">\n\t\t\t\t<a class=\"elementor-post__thumbnail__link\" href=\"https:\/\/thelalawfirm.com\/es\/blog\/encontrar-el-mejor-abogado-de-accidentes-de-bicicleta\/\" tabindex=\"-1\" ><div class=\"elementor-post__thumbnail\"><img loading=\"lazy\" decoding=\"async\" width=\"750\" height=\"510\" src=\"https:\/\/thelalawfirm.com\/wp-content\/uploads\/2025\/01\/45200-750x510.jpg\" class=\"attachment-medium size-medium wp-image-16643\" alt=\"Abogado de accidentes de bicicleta\" \/><\/div><\/a>\n\t\t\t\t<div class=\"elementor-post__text\">\n\t\t\t\t<h3 class=\"elementor-post__title\">\n\t\t\t<a href=\"https:\/\/thelalawfirm.com\/es\/blog\/encontrar-el-mejor-abogado-de-accidentes-de-bicicleta\/\" >\n\t\t\t\tPedaleando por la Justicia: Tu Gu\u00eda Definitiva para Encontrar al Mejor Abogado de Accidentes de Bicicleta\t\t\t<\/a>\n\t\t<\/h3>\n\t\t\t\t<\/div>\n\t\t\t\t\t<\/div>\n\t\t<\/article>\n\t\t\t\t<article class=\"elementor-post elementor-grid-item post-17002 post type-post status-publish format-standard has-post-thumbnail hentry category-sin-categoria\">\n\t\t\t<div class=\"elementor-post__card\">\n\t\t\t\t<a class=\"elementor-post__thumbnail__link\" href=\"https:\/\/thelalawfirm.com\/es\/blog\/abogados-de-lesiones-personales-en-santa-ana\/\" tabindex=\"-1\" ><div class=\"elementor-post__thumbnail\"><img loading=\"lazy\" decoding=\"async\" width=\"626\" height=\"453\" src=\"https:\/\/thelalawfirm.com\/wp-content\/uploads\/2025\/01\/car.png\" class=\"attachment-medium size-medium wp-image-16641\" alt=\"Abogado de lesiones\" \/><\/div><\/a>\n\t\t\t\t<div class=\"elementor-post__text\">\n\t\t\t\t<h3 class=\"elementor-post__title\">\n\t\t\t<a href=\"https:\/\/thelalawfirm.com\/es\/blog\/abogados-de-lesiones-personales-en-santa-ana\/\" >\n\t\t\t\tObtenga la compensaci\u00f3n que merece: abogados de lesiones personales en Santa Ana\t\t\t<\/a>\n\t\t<\/h3>\n\t\t\t\t<\/div>\n\t\t\t\t\t<\/div>\n\t\t<\/article>\n\t\t\t\t<article class=\"elementor-post elementor-grid-item post-17003 post type-post status-publish format-standard has-post-thumbnail hentry category-sin-categoria\">\n\t\t\t<div class=\"elementor-post__card\">\n\t\t\t\t<a class=\"elementor-post__thumbnail__link\" href=\"https:\/\/thelalawfirm.com\/es\/blog\/contratar-un-abogado-de-lesiones-cerebrales-en-los-angeles\/\" tabindex=\"-1\" ><div class=\"elementor-post__thumbnail\"><img loading=\"lazy\" decoding=\"async\" width=\"740\" height=\"494\" src=\"https:\/\/thelalawfirm.com\/wp-content\/uploads\/2025\/01\/mature-lawyer-with-headache-sitting-courtroom_23-2147898501.jpg\" class=\"attachment-medium size-medium wp-image-16638\" alt=\"Abogado de lesiones cerebrales\" \/><\/div><\/a>\n\t\t\t\t<div class=\"elementor-post__text\">\n\t\t\t\t<h3 class=\"elementor-post__title\">\n\t\t\t<a href=\"https:\/\/thelalawfirm.com\/es\/blog\/contratar-un-abogado-de-lesiones-cerebrales-en-los-angeles\/\" >\n\t\t\t\tLas 5 razones principales para contratar inmediatamente a un abogado especializado en lesiones cerebrales en Los \u00c1ngeles\t\t\t<\/a>\n\t\t<\/h3>\n\t\t\t\t<\/div>\n\t\t\t\t\t<\/div>\n\t\t<\/article>\n\t\t\t\t<article class=\"elementor-post elementor-grid-item post-17005 post type-post status-publish format-standard has-post-thumbnail hentry category-sin-categoria\">\n\t\t\t<div class=\"elementor-post__card\">\n\t\t\t\t<a class=\"elementor-post__thumbnail__link\" href=\"https:\/\/thelalawfirm.com\/es\/blog\/aabogado-de-accidentes-de-autos-uber-para-proteger\/\" tabindex=\"-1\" ><div class=\"elementor-post__thumbnail\"><img loading=\"lazy\" decoding=\"async\" width=\"750\" height=\"510\" src=\"https:\/\/thelalawfirm.com\/wp-content\/uploads\/2025\/01\/side-view-business-man-talking-with-car-service_23-2148763842-750x510.jpg\" class=\"attachment-medium size-medium wp-image-16642\" alt=\"Abogado accidente coche Uber\" \/><\/div><\/a>\n\t\t\t\t<div class=\"elementor-post__text\">\n\t\t\t\t<h3 class=\"elementor-post__title\">\n\t\t\t<a href=\"https:\/\/thelalawfirm.com\/es\/blog\/aabogado-de-accidentes-de-autos-uber-para-proteger\/\" >\n\t\t\t\tAccidentes de coche compartido: C\u00f3mo encontrar al abogado de accidentes de Uber adecuado para proteger tus derechos\t\t\t<\/a>\n\t\t<\/h3>\n\t\t\t\t<\/div>\n\t\t\t\t\t<\/div>\n\t\t<\/article>\n\t\t\t\t<article class=\"elementor-post elementor-grid-item post-17000 post type-post status-publish format-standard has-post-thumbnail hentry category-sin-categoria tag-abogado-es tag-accidente-de-camion tag-reclamacion-al-seguro-2\">\n\t\t\t<div class=\"elementor-post__card\">\n\t\t\t\t<a class=\"elementor-post__thumbnail__link\" href=\"https:\/\/thelalawfirm.com\/es\/blog\/como-solicitar-un-informe-policial-en-linea\/\" tabindex=\"-1\" ><div class=\"elementor-post__thumbnail\"><img loading=\"lazy\" decoding=\"async\" width=\"750\" height=\"510\" src=\"https:\/\/thelalawfirm.com\/wp-content\/uploads\/2024\/10\/car-accident-with-police-car-min-750x510.jpg\" class=\"attachment-medium size-medium wp-image-16610\" alt=\"Informe policial\" \/><\/div><\/a>\n\t\t\t\t<div class=\"elementor-post__text\">\n\t\t\t\t<h3 class=\"elementor-post__title\">\n\t\t\t<a href=\"https:\/\/thelalawfirm.com\/es\/blog\/como-solicitar-un-informe-policial-en-linea\/\" >\n\t\t\t\tC\u00f3mo pedir un informe policial por Internet\t\t\t<\/a>\n\t\t<\/h3>\n\t\t\t\t<\/div>\n\t\t\t\t\t<\/div>\n\t\t<\/article>\n\t\t\t\t<article class=\"elementor-post elementor-grid-item post-16999 post type-post status-publish format-standard has-post-thumbnail hentry category-sin-categoria tag-abogado-es tag-accidente-de-camion tag-reclamacion-al-seguro-2\">\n\t\t\t<div class=\"elementor-post__card\">\n\t\t\t\t<a class=\"elementor-post__thumbnail__link\" href=\"https:\/\/thelalawfirm.com\/es\/blog\/abogados-de-accidentes-de-trafico-maximice-su-reclamacion\/\" tabindex=\"-1\" ><div class=\"elementor-post__thumbnail\"><img loading=\"lazy\" decoding=\"async\" width=\"750\" height=\"510\" src=\"https:\/\/thelalawfirm.com\/wp-content\/uploads\/2024\/10\/drivers-after-the-car-accident-2023-11-27-05-19-54-utc-750x510.jpg\" class=\"attachment-medium size-medium wp-image-16620\" alt=\"abogados de accidentes de tr\u00e1fico\" \/><\/div><\/a>\n\t\t\t\t<div class=\"elementor-post__text\">\n\t\t\t\t<h3 class=\"elementor-post__title\">\n\t\t\t<a href=\"https:\/\/thelalawfirm.com\/es\/blog\/abogados-de-accidentes-de-trafico-maximice-su-reclamacion\/\" >\n\t\t\t\tC\u00f3mo pueden maximizar tu reclamaci\u00f3n los abogados de accidentes de tr\u00e1fico\t\t\t<\/a>\n\t\t<\/h3>\n\t\t\t\t<\/div>\n\t\t\t\t\t<\/div>\n\t\t<\/article>\n\t\t\t\t<\/div>\n\t\t\n\t\t\t\t<div class=\"e-load-more-anchor\" data-page=\"1\" data-max-page=\"17\" data-next-page=\"https:\/\/thelalawfirm.com\/es\/?e-page-0c9f9fa=2\"><\/div>\n\t\t\t\t<nav class=\"elementor-pagination\" aria-label=\"Paginaci\u00f3n\">\n\t\t\t<span aria-current=\"page\" class=\"page-numbers current\"><span class=\"elementor-screen-only\">P\u00e1gina<\/span>1<\/span>\n<a class=\"page-numbers\" href=\"https:\/\/thelalawfirm.com\/es\/wp-json\/wp\/v2\/pages\/17073\/?e-page-0c9f9fa=2\"><span class=\"elementor-screen-only\">P\u00e1gina<\/span>2<\/a>\n<a class=\"page-numbers\" href=\"https:\/\/thelalawfirm.com\/es\/wp-json\/wp\/v2\/pages\/17073\/?e-page-0c9f9fa=3\"><span class=\"elementor-screen-only\">P\u00e1gina<\/span>3<\/a>\n<span class=\"page-numbers dots\">&hellip;<\/span>\n<a class=\"page-numbers\" href=\"https:\/\/thelalawfirm.com\/es\/wp-json\/wp\/v2\/pages\/17073\/?e-page-0c9f9fa=17\"><span class=\"elementor-screen-only\">P\u00e1gina<\/span>17<\/a>\t\t<\/nav>\n\t\t\t\t\t\t<\/div>\n\t\t\t\t<\/div>\n\t\t\t\t\t<\/div>\n\t\t\t\t<\/div>\n\t\t\t\t<\/div>\n\t\t","protected":false},"excerpt":{"rendered":"<p>Blogs<\/p>\n","protected":false},"author":2,"featured_media":0,"parent":0,"menu_order":0,"comment_status":"closed","ping_status":"closed","template":"","meta":{"_acf_changed":false,"footnotes":""},"class_list":["post-17073","page","type-page","status-publish","hentry"],"acf":[],"yoast_head":"<!-- This site is optimized with the Yoast SEO plugin v27.2 - https:\/\/yoast.com\/product\/yoast-seo-wordpress\/ -->\n<title>Blog - California&#039;s Best Accident Lawyers in Los Angeles<\/title>\n<meta name=\"robots\" content=\"index, follow, max-snippet:-1, max-image-preview:large, max-video-preview:-1\" \/>\n<link rel=\"canonical\" href=\"https:\/\/thelalawfirm.com\/es\/blog\/\" \/>\n<meta property=\"og:locale\" content=\"es_ES\" \/>\n<meta property=\"og:type\" content=\"article\" \/>\n<meta property=\"og:title\" content=\"Blog - California&#039;s Best Accident Lawyers in Los Angeles\" \/>\n<meta property=\"og:description\" content=\"Blogs\" \/>\n<meta property=\"og:url\" content=\"https:\/\/thelalawfirm.com\/es\/blog\/\" \/>\n<meta property=\"og:site_name\" content=\"California&#039;s Best Accident Lawyers in Los Angeles\" \/>\n<meta property=\"article:publisher\" content=\"http:\/\/facebook.com\/thel.a.lawfirm\" \/>\n<meta property=\"article:modified_time\" content=\"2025-02-20T10:32:59+00:00\" \/>\n<meta name=\"twitter:card\" content=\"summary_large_image\" \/>\n<script type=\"application\/ld+json\" class=\"yoast-schema-graph\">{\"@context\":\"https:\/\/schema.org\",\"@graph\":[{\"@type\":\"WebPage\",\"@id\":\"https:\/\/thelalawfirm.com\/es\/blog\/\",\"url\":\"https:\/\/thelalawfirm.com\/es\/blog\/\",\"name\":\"Blog - California&#039;s Best Accident Lawyers in Los Angeles\",\"isPartOf\":{\"@id\":\"https:\/\/www.thelalawfirm.com\/#website\"},\"datePublished\":\"2025-01-09T07:26:51+00:00\",\"dateModified\":\"2025-02-20T10:32:59+00:00\",\"breadcrumb\":{\"@id\":\"https:\/\/thelalawfirm.com\/es\/blog\/#breadcrumb\"},\"inLanguage\":\"es\",\"potentialAction\":[{\"@type\":\"ReadAction\",\"target\":[\"https:\/\/thelalawfirm.com\/es\/blog\/\"]}]},{\"@type\":\"BreadcrumbList\",\"@id\":\"https:\/\/thelalawfirm.com\/es\/blog\/#breadcrumb\",\"itemListElement\":[{\"@type\":\"ListItem\",\"position\":1,\"name\":\"Home\",\"item\":\"https:\/\/thelalawfirm.com\/es\/\"},{\"@type\":\"ListItem\",\"position\":2,\"name\":\"Blog\"}]},{\"@type\":\"WebSite\",\"@id\":\"https:\/\/www.thelalawfirm.com\/#website\",\"url\":\"https:\/\/www.thelalawfirm.com\/\",\"name\":\"California&#039;s Best Accident Lawyers in Los Angeles\",\"description\":\"Best Accident Injury Lawyers, Los Angeles California\",\"publisher\":{\"@id\":\"https:\/\/www.thelalawfirm.com\/#organization\"},\"potentialAction\":[{\"@type\":\"SearchAction\",\"target\":{\"@type\":\"EntryPoint\",\"urlTemplate\":\"https:\/\/www.thelalawfirm.com\/?s={search_term_string}\"},\"query-input\":{\"@type\":\"PropertyValueSpecification\",\"valueRequired\":true,\"valueName\":\"search_term_string\"}}],\"inLanguage\":\"es\"},{\"@type\":\"Organization\",\"@id\":\"https:\/\/www.thelalawfirm.com\/#organization\",\"name\":\"The LA Law Firm\",\"url\":\"https:\/\/www.thelalawfirm.com\/\",\"logo\":{\"@type\":\"ImageObject\",\"inLanguage\":\"es\",\"@id\":\"https:\/\/www.thelalawfirm.com\/#\/schema\/logo\/image\/\",\"url\":\"https:\/\/thelalawfirm.com\/wp-content\/uploads\/2023\/12\/New-Project.png\",\"contentUrl\":\"https:\/\/thelalawfirm.com\/wp-content\/uploads\/2023\/12\/New-Project.png\",\"width\":512,\"height\":512,\"caption\":\"The LA Law Firm\"},\"image\":{\"@id\":\"https:\/\/www.thelalawfirm.com\/#\/schema\/logo\/image\/\"},\"sameAs\":[\"http:\/\/facebook.com\/thel.a.lawfirm\"]}]}<\/script>\n<!-- \/ Yoast SEO plugin. -->","yoast_head_json":{"title":"Blog - California&#039;s Best Accident Lawyers in Los Angeles","robots":{"index":"index","follow":"follow","max-snippet":"max-snippet:-1","max-image-preview":"max-image-preview:large","max-video-preview":"max-video-preview:-1"},"canonical":"https:\/\/thelalawfirm.com\/es\/blog\/","og_locale":"es_ES","og_type":"article","og_title":"Blog - California&#039;s Best Accident Lawyers in Los Angeles","og_description":"Blogs","og_url":"https:\/\/thelalawfirm.com\/es\/blog\/","og_site_name":"California&#039;s Best Accident Lawyers in Los Angeles","article_publisher":"http:\/\/facebook.com\/thel.a.lawfirm","article_modified_time":"2025-02-20T10:32:59+00:00","twitter_card":"summary_large_image","schema":{"@context":"https:\/\/schema.org","@graph":[{"@type":"WebPage","@id":"https:\/\/thelalawfirm.com\/es\/blog\/","url":"https:\/\/thelalawfirm.com\/es\/blog\/","name":"Blog - California&#039;s Best Accident Lawyers in Los Angeles","isPartOf":{"@id":"https:\/\/www.thelalawfirm.com\/#website"},"datePublished":"2025-01-09T07:26:51+00:00","dateModified":"2025-02-20T10:32:59+00:00","breadcrumb":{"@id":"https:\/\/thelalawfirm.com\/es\/blog\/#breadcrumb"},"inLanguage":"es","potentialAction":[{"@type":"ReadAction","target":["https:\/\/thelalawfirm.com\/es\/blog\/"]}]},{"@type":"BreadcrumbList","@id":"https:\/\/thelalawfirm.com\/es\/blog\/#breadcrumb","itemListElement":[{"@type":"ListItem","position":1,"name":"Home","item":"https:\/\/thelalawfirm.com\/es\/"},{"@type":"ListItem","position":2,"name":"Blog"}]},{"@type":"WebSite","@id":"https:\/\/www.thelalawfirm.com\/#website","url":"https:\/\/www.thelalawfirm.com\/","name":"California&#039;s Best Accident Lawyers in Los Angeles","description":"Best Accident Injury Lawyers, Los Angeles California","publisher":{"@id":"https:\/\/www.thelalawfirm.com\/#organization"},"potentialAction":[{"@type":"SearchAction","target":{"@type":"EntryPoint","urlTemplate":"https:\/\/www.thelalawfirm.com\/?s={search_term_string}"},"query-input":{"@type":"PropertyValueSpecification","valueRequired":true,"valueName":"search_term_string"}}],"inLanguage":"es"},{"@type":"Organization","@id":"https:\/\/www.thelalawfirm.com\/#organization","name":"The LA Law Firm","url":"https:\/\/www.thelalawfirm.com\/","logo":{"@type":"ImageObject","inLanguage":"es","@id":"https:\/\/www.thelalawfirm.com\/#\/schema\/logo\/image\/","url":"https:\/\/thelalawfirm.com\/wp-content\/uploads\/2023\/12\/New-Project.png","contentUrl":"https:\/\/thelalawfirm.com\/wp-content\/uploads\/2023\/12\/New-Project.png","width":512,"height":512,"caption":"The LA Law Firm"},"image":{"@id":"https:\/\/www.thelalawfirm.com\/#\/schema\/logo\/image\/"},"sameAs":["http:\/\/facebook.com\/thel.a.lawfirm"]}]}},"amp_enabled":false,"_links":{"self":[{"href":"https:\/\/thelalawfirm.com\/es\/wp-json\/wp\/v2\/pages\/17073","targetHints":{"allow":["GET"]}}],"collection":[{"href":"https:\/\/thelalawfirm.com\/es\/wp-json\/wp\/v2\/pages"}],"about":[{"href":"https:\/\/thelalawfirm.com\/es\/wp-json\/wp\/v2\/types\/page"}],"author":[{"embeddable":true,"href":"https:\/\/thelalawfirm.com\/es\/wp-json\/wp\/v2\/users\/2"}],"replies":[{"embeddable":true,"href":"https:\/\/thelalawfirm.com\/es\/wp-json\/wp\/v2\/comments?post=17073"}],"version-history":[{"count":9,"href":"https:\/\/thelalawfirm.com\/es\/wp-json\/wp\/v2\/pages\/17073\/revisions"}],"predecessor-version":[{"id":17537,"href":"https:\/\/thelalawfirm.com\/es\/wp-json\/wp\/v2\/pages\/17073\/revisions\/17537"}],"wp:attachment":[{"href":"https:\/\/thelalawfirm.com\/es\/wp-json\/wp\/v2\/media?parent=17073"}],"curies":[{"name":"wp","href":"https:\/\/api.w.org\/{rel}","templated":true}]}}